{"id":2532,"date":"2018-11-16T14:48:51","date_gmt":"2018-11-16T20:48:51","guid":{"rendered":"https:\/\/factuappcr.com\/site\/factuapp-ruteo-2\/"},"modified":"2023-06-26T10:05:49","modified_gmt":"2023-06-26T16:05:49","slug":"servicios-profesionales","status":"publish","type":"page","link":"https:\/\/factuappcr.com\/site\/servicios-profesionales\/","title":{"rendered":"Servicios Profesionales"},"content":{"rendered":"[vc_row][vc_column width=&#8221;2\/3&#8243;][wgl_double_headings align=&#8221;center&#8221; title_color=&#8221;#252525&#8243; subtitle_color=&#8221;#ff7d00&#8243; title=&#8221;Factuapp  Servicios Profesionales&#8221;][vc_column_text]\n<p style=\"text-align: justify;\">\nNuestro m\u00f3dulo de Facturaci\u00f3n de Servicios Profesionales est\u00e1 dise\u00f1ado para hacer que el proceso de facturaci\u00f3n sea eficiente y pr\u00e1ctico para tu negocio. Algunas de las caracter\u00edsticas destacadas de nuestro m\u00f3dulo incluyen:\n<\/p>\n<ol>\n<li><strong>Creaci\u00f3n de facturas electr\u00f3nicas:<\/strong> Nuestra herramienta te permite generar facturas electr\u00f3nicas de forma r\u00e1pida y sencilla. Solo necesitas ingresar los detalles pertinentes, como los servicios prestados, precios e impuestos correspondientes, y nuestro sistema generar\u00e1 autom\u00e1ticamente una factura profesional y legalmente v\u00e1lida.<\/li>\n<li><strong>Gesti\u00f3n de art\u00edculos:<\/strong> Puedes crear y administrar una lista de art\u00edculos o servicios que ofreces en tu negocio. Esto te permite tener un registro organizado de tus productos, establecer precios y categor\u00edas, y facilitar la emisi\u00f3n de facturas con informaci\u00f3n precisa.<\/li>\n<li><strong>Gesti\u00f3n de clientes:<\/strong> Nuestro m\u00f3dulo te permite mantener un registro de tus clientes y sus datos relevantes. Podr\u00e1s ingresar informaci\u00f3n como nombres, direcciones, datos de contacto, y cualquier otro detalle importante. Esto facilita la generaci\u00f3n de facturas y el seguimiento de tus clientes.<\/li>\n<li><strong>Ventas a cr\u00e9dito:<\/strong> Si deseas ofrecer ventas a cr\u00e9dito a tus clientes, nuestra herramienta te brinda la opci\u00f3n de configurar esta modalidad. Puedes establecer l\u00edmites de cr\u00e9dito para cada cliente, as\u00ed como plazos y condiciones de pago. Esto te ayuda a tener un mejor control de las ventas a cr\u00e9dito y a administrar adecuadamente los pagos.<\/li>\n<\/ol>\n<p style=\"font-size: 16px; text-align: justify;\">\nCon nuestro m\u00f3dulo de Facturaci\u00f3n de Servicios Profesionales, podr\u00e1s optimizar y agilizar el proceso de facturaci\u00f3n en tu negocio, ahorrando tiempo y asegur\u00e1ndote de cumplir con los requisitos legales. Simplifica tu trabajo y mant\u00e9n un control preciso de tus operaciones con nuestra soluci\u00f3n integral.\n<\/p>\n<p style=\"text-align: justify;\">\nAdem\u00e1s, todas nuestras soluciones incluyen funciones adicionales para facilitar la gesti\u00f3n contable de tu negocio. Podr\u00e1s cargar facturas XML, generar reportes de ventas y compras, y contar con informaci\u00f3n relevante para tu contabilidad.\n<\/p>\n[\/vc_column_text][vc_empty_space][\/vc_column][vc_column width=&#8221;1\/3&#8243;]<div class=\"woocommerce \"><ul class=\"wgl-products\"><li class=\"product type-product post-2581 status-publish first instock product_cat-planes has-post-thumbnail taxable shipping-taxable product-type-grouped\">\n\t<div class='woo_product_image shop_media'><div class='picture'><a class='woo_post-link' href='https:\/\/factuappcr.com\/site\/producto\/servicios-profesionales\/'><img width=\"540\" height=\"540\" src=\"https:\/\/factuappcr.com\/site\/wp-content\/uploads\/2021\/06\/In-the-office-rafiki-540x540.png\" class=\"attachment-woocommerce_thumbnail size-woocommerce_thumbnail\" alt=\"\" decoding=\"async\" loading=\"lazy\" srcset=\"https:\/\/factuappcr.com\/site\/wp-content\/uploads\/2021\/06\/In-the-office-rafiki-540x540.png 540w, https:\/\/factuappcr.com\/site\/wp-content\/uploads\/2021\/06\/In-the-office-rafiki-300x300.png 300w, https:\/\/factuappcr.com\/site\/wp-content\/uploads\/2021\/06\/In-the-office-rafiki-1024x1024.png 1024w, https:\/\/factuappcr.com\/site\/wp-content\/uploads\/2021\/06\/In-the-office-rafiki-150x150.png 150w, https:\/\/factuappcr.com\/site\/wp-content\/uploads\/2021\/06\/In-the-office-rafiki-768x768.png 768w, https:\/\/factuappcr.com\/site\/wp-content\/uploads\/2021\/06\/In-the-office-rafiki-1536x1536.png 1536w, https:\/\/factuappcr.com\/site\/wp-content\/uploads\/2021\/06\/In-the-office-rafiki-440x440.png 440w, https:\/\/factuappcr.com\/site\/wp-content\/uploads\/2021\/06\/In-the-office-rafiki-120x120.png 120w, https:\/\/factuappcr.com\/site\/wp-content\/uploads\/2021\/06\/In-the-office-rafiki-1080x1080.png 1080w, https:\/\/factuappcr.com\/site\/wp-content\/uploads\/2021\/06\/In-the-office-rafiki-240x240.png 240w, https:\/\/factuappcr.com\/site\/wp-content\/uploads\/2021\/06\/In-the-office-rafiki.png 2000w\" sizes=\"(max-width: 540px) 100vw, 540px\" \/><img width=\"540\" height=\"540\" src=\"https:\/\/factuappcr.com\/site\/wp-content\/uploads\/2021\/06\/Barber-cuate-540x540.png\" class=\"attachment-shop_catalog size-shop_catalog\" alt=\"\" loading=\"lazy\" \/><\/a><\/div><\/div><h2 class=\"woocommerce-loop-product__title\"><a href=\"https:\/\/factuappcr.com\/site\/producto\/servicios-profesionales\/\" class=\"woocommerce-LoopProduct-link woocommerce-loop-product__link\">Servicios Profesionales<\/a><\/h2><\/li>\n<\/ul>\n<\/div>[\/vc_column][\/vc_row][vc_row][vc_column][vc_empty_space][vc_cta h2=&#8221;Empieza hoy mismo a elegir el plan que se adapta a tus necesidades&#8221; add_button=&#8221;bottom&#8221; btn_title=&#8221;Empezar Ahora&#8221; btn_style=&#8221;flat&#8221; btn_color=&#8221;info&#8221; btn_align=&#8221;right&#8221; btn_link=&#8221;url:https%3A%2F%2Ffactuappcr.com%2Fsite%2Fproducto%2Fservicios-profesionales%2F|title:Planes||&#8221;][\/vc_cta][\/vc_column][\/vc_row]\n","protected":false},"excerpt":{"rendered":"<p>[vc_row][vc_column width=&#8221;2\/3&#8243;][wgl_double_headings align=&#8221;center&#8221; title_color=&#8221;#252525&#8243; subtitle_color=&#8221;#ff7d00&#8243; title=&#8221;Factuapp Servicios Profesionales&#8221;][vc_column_text] Nuestro m\u00f3dulo de Facturaci\u00f3n de Servicios Profesionales est\u00e1 dise\u00f1ado para hacer que el proceso de facturaci\u00f3n sea eficiente y pr\u00e1ctico para tu negocio. Algunas de las caracter\u00edsticas destacadas de nuestro m\u00f3dulo incluyen: Creaci\u00f3n de facturas electr\u00f3nicas: Nuestra herramienta te permite generar facturas electr\u00f3nicas de forma r\u00e1pida y [&hellip;]<\/p>\n","protected":false},"author":1,"featured_media":2480,"parent":0,"menu_order":0,"comment_status":"closed","ping_status":"closed","template":"","meta":[],"_links":{"self":[{"href":"https:\/\/factuappcr.com\/site\/wp-json\/wp\/v2\/pages\/2532"}],"collection":[{"href":"https:\/\/factuappcr.com\/site\/wp-json\/wp\/v2\/pages"}],"about":[{"href":"https:\/\/factuappcr.com\/site\/wp-json\/wp\/v2\/types\/page"}],"author":[{"embeddable":true,"href":"https:\/\/factuappcr.com\/site\/wp-json\/wp\/v2\/users\/1"}],"replies":[{"embeddable":true,"href":"https:\/\/factuappcr.com\/site\/wp-json\/wp\/v2\/comments?post=2532"}],"version-history":[{"count":19,"href":"https:\/\/factuappcr.com\/site\/wp-json\/wp\/v2\/pages\/2532\/revisions"}],"predecessor-version":[{"id":2711,"href":"https:\/\/factuappcr.com\/site\/wp-json\/wp\/v2\/pages\/2532\/revisions\/2711"}],"wp:featuredmedia":[{"embeddable":true,"href":"https:\/\/factuappcr.com\/site\/wp-json\/wp\/v2\/media\/2480"}],"wp:attachment":[{"href":"https:\/\/factuappcr.com\/site\/wp-json\/wp\/v2\/media?parent=2532"}],"curies":[{"name":"wp","href":"https:\/\/api.w.org\/{rel}","templated":true}]}}