{"id":2661,"date":"2018-11-16T14:48:51","date_gmt":"2018-11-16T20:48:51","guid":{"rendered":"https:\/\/factuappcr.com\/site\/factuapp-servicios-profesionales-2\/"},"modified":"2023-06-26T10:12:49","modified_gmt":"2023-06-26T16:12:49","slug":"reportes","status":"publish","type":"page","link":"https:\/\/factuappcr.com\/site\/reportes\/","title":{"rendered":"Reportes"},"content":{"rendered":"[vc_row][vc_column width=&#8221;2\/3&#8243;][wgl_double_headings align=&#8221;center&#8221; title_color=&#8221;#252525&#8243; subtitle_color=&#8221;#ff7d00&#8243; title=&#8221;Reportes de Factuapp&#8221;][vc_column_text]\n<p style=\"text-align: justify;\">\nAc\u00e1 encontrar\u00e1s diversos informes clasificados seg\u00fan diferentes criterios como ventas, clientes, inventario y contabilidad los cuales te ayudar\u00e1n a tener una mejor visi\u00f3n de tu negocio.\n<\/p>\n<p style=\"text-align: justify;\">\nCon estos reportes podr\u00e1s obtener informaci\u00f3n importante sobre los montos totales de venta, clientes y otros detalles relevantes.\n<\/p>\n[\/vc_column_text][vc_empty_space][vc_tta_tabs active_section=&#8221;1&#8243;][vc_tta_section title=&#8221;Ventas&#8221; tab_id=&#8221;1687535311411-90486be8-9e56&#8243;][vc_column_text]\n<p style=\"text-align: justify;\">\nEstos reportes te permitir\u00e1n obtener informaci\u00f3n sobre las ventas realizadas. Podr\u00e1s encontrar reportes de ventas diarias, clasificadas por m\u00e9todo de pago o ventas totales, as\u00ed como reportes de productos vendidos por cantidad.\n<\/p>\n<ul>\n<li>Ventas Diarias por Totales<\/li>\n<li>Ventas por Medio de Pago<\/li>\n<li>Reporte Mesas\/Zonas express<\/li>\n<li>Reporte de Productos Vendidos por Cantidad<\/li>\n<li>Reporte de Productos Vendidos por C\u00f3digo<\/li>\n<li>Reporte de Ganancias y Ventas<\/li>\n<li>Ventas por Cliente y Productos<\/li>\n<li>Reporte de ventas hist\u00f3rico FE<\/li>\n<li>Reportes Totales FE\/Simples<\/li>\n<li>Reporte de Cr\u00e9ditos Pendientes\/Cancelados<\/li>\n<li>Reporte de Abonos Cr\u00e9ditos\/Apartados<\/li>\n<\/ul>\n[\/vc_column_text][vc_column_text][\/vc_column_text][\/vc_tta_section][vc_tta_section title=&#8221;clientes&#8221; tab_id=&#8221;1687535311411-add01357-4288&#8243;][vc_column_text]\n<p style=\"text-align: justify;\">\nEn esta secci\u00f3n encontrar\u00e1s informes relacionados con los clientes. Podr\u00e1s acceder a reportes de ventas por cliente y productos, que te mostrar\u00e1n las ventas realizadas por cada cliente y los productos adquiridos.\n<\/p>\n<ul>\n<li>Ventas por cliente y producto<\/li>\n<li>Reporte de clientes<\/li>\n<li>Reporte de ventas por clientes<\/li>\n<li>Reporte Filtro Campos Adicionales<\/li>\n<\/ul>\n[\/vc_column_text][\/vc_tta_section][vc_tta_section title=&#8221;Productos&#8221; tab_id=&#8221;1687541818851-566e82f5-15a7&#8243;][vc_column_text]\n<p style=\"text-align: justify;\">\nAqu\u00ed podr\u00e1s generar informes espec\u00edficos sobre tus productos. Podr\u00e1s obtener reportes de inventario que te mostrar\u00e1n el estado actual de tus productos y reportes de contabilidad que brindar\u00e1n informaci\u00f3n sobre los costos y ganancias asociados a cada producto.\n<\/p>\n<ul>\n<li>Reporte de Productos Vendidos por Cantidad<\/li>\n<li>Reporte de Total de Productos<\/li>\n<\/ul>\n<ul>\n<li>Reporte de Notas de Cr\u00e9dito del Mes<\/li>\n<\/ul>\n[\/vc_column_text][\/vc_tta_section][vc_tta_section title=&#8221;Inventario&#8221; tab_id=&#8221;1687536163666-2355081e-1713&#8243;][vc_column_text]\n<p style=\"text-align: justify;\">\nEstos informes te proporcionar\u00e1n detalles sobre las existencias disponibles, movimientos de productos y otras m\u00e9tricas relevantes para el control de inventario.\n<\/p>\n<ul>\n<li>Reportes de Inventario<\/li>\n<li>Reportes de movimiento de bodega<\/li>\n<\/ul>\n[\/vc_column_text][\/vc_tta_section][vc_tta_section title=&#8221;Contabilidad&#8221; tab_id=&#8221;1687536169049-3b9edd28-1baf&#8221;][vc_column_text]\n<p style=\"text-align: justify;\">\nEn los reportes de contabilidad tendr\u00e1s la opci\u00f3n de visualizar el reporte de gastos de cada mes. Esto te permitir\u00e1 tener un registro detallado de los gastos realizados en tu negocio durante un per\u00edodo espec\u00edfico.\n<\/p>\n<ul>\n<li>D-151 Periodo de Octubre a Setiembre<\/li>\n<li>Reporte de Gastos del Mes<\/li>\n<li>Reporte de Ventas FE del Mes<\/li>\n<\/ul>\n[\/vc_column_text][\/vc_tta_section][\/vc_tta_tabs][vc_column_text]\n<h6>Reportes personalizados<\/h6>\n<p style=\"text-align: justify;\"><span>FactuApp te permite generar reportes personalizados seg\u00fan tus necesidades espec\u00edficas. Nuestra plataforma cuenta con herramientas y funciones que te permiten extraer y analizar datos relevantes para tu negocio, y generar reportes a medida que reflejen la informaci\u00f3n que deseas visualizar. Puedes seleccionar los campos y par\u00e1metros que deseas incluir en tus reportes, filtrar los datos seg\u00fan diferentes criterios, y obtener visualizaciones claras y concisas de la informaci\u00f3n que m\u00e1s te interesa. Ya sea que desees obtener reportes de ventas por per\u00edodo, an\u00e1lisis de clientes, seguimiento de inventario o cualquier otro tipo de informe personalizado, FactuApp te brinda la flexibilidad para generarlos de manera r\u00e1pida y sencilla.<\/span><\/p>\n[\/vc_column_text][\/vc_column][vc_column width=&#8221;1\/3&#8243;][vc_single_image image=&#8221;2621&#8243; img_size=&#8221;full&#8221;][vc_single_image image=&#8221;2665&#8243; img_size=&#8221;full&#8221;][vc_single_image image=&#8221;2664&#8243; img_size=&#8221;large&#8221;][\/vc_column][\/vc_row][vc_row][vc_column][vc_empty_space][vc_cta h2=&#8221;Empieza hoy mismo a elegir el plan que se adapta a tus necesidades&#8221; add_button=&#8221;bottom&#8221; btn_title=&#8221;Empezar Ahora&#8221; btn_style=&#8221;flat&#8221; btn_color=&#8221;info&#8221; btn_align=&#8221;right&#8221; btn_link=&#8221;url:https%3A%2F%2Ffactuappcr.com%2Fsite%2Fproducto%2Fservicios-profesionales%2F|title:Planes||&#8221;][\/vc_cta][\/vc_column][\/vc_row]\n","protected":false},"excerpt":{"rendered":"<p>[vc_row][vc_column width=&#8221;2\/3&#8243;][wgl_double_headings align=&#8221;center&#8221; title_color=&#8221;#252525&#8243; subtitle_color=&#8221;#ff7d00&#8243; title=&#8221;Reportes de Factuapp&#8221;][vc_column_text] Ac\u00e1 encontrar\u00e1s diversos informes clasificados seg\u00fan diferentes criterios como ventas, clientes, inventario y contabilidad los cuales te ayudar\u00e1n a tener una mejor visi\u00f3n de tu negocio. Con estos reportes podr\u00e1s obtener informaci\u00f3n importante sobre los montos totales de venta, clientes y otros detalles relevantes. [\/vc_column_text][vc_empty_space][vc_tta_tabs active_section=&#8221;1&#8243;][vc_tta_section title=&#8221;Ventas&#8221; [&hellip;]<\/p>\n","protected":false},"author":1,"featured_media":2480,"parent":0,"menu_order":0,"comment_status":"closed","ping_status":"closed","template":"","meta":[],"_links":{"self":[{"href":"https:\/\/factuappcr.com\/site\/wp-json\/wp\/v2\/pages\/2661"}],"collection":[{"href":"https:\/\/factuappcr.com\/site\/wp-json\/wp\/v2\/pages"}],"about":[{"href":"https:\/\/factuappcr.com\/site\/wp-json\/wp\/v2\/types\/page"}],"author":[{"embeddable":true,"href":"https:\/\/factuappcr.com\/site\/wp-json\/wp\/v2\/users\/1"}],"replies":[{"embeddable":true,"href":"https:\/\/factuappcr.com\/site\/wp-json\/wp\/v2\/comments?post=2661"}],"version-history":[{"count":10,"href":"https:\/\/factuappcr.com\/site\/wp-json\/wp\/v2\/pages\/2661\/revisions"}],"predecessor-version":[{"id":2712,"href":"https:\/\/factuappcr.com\/site\/wp-json\/wp\/v2\/pages\/2661\/revisions\/2712"}],"wp:featuredmedia":[{"embeddable":true,"href":"https:\/\/factuappcr.com\/site\/wp-json\/wp\/v2\/media\/2480"}],"wp:attachment":[{"href":"https:\/\/factuappcr.com\/site\/wp-json\/wp\/v2\/media?parent=2661"}],"curies":[{"name":"wp","href":"https:\/\/api.w.org\/{rel}","templated":true}]}}