{"id":2672,"date":"2018-11-16T14:48:51","date_gmt":"2018-11-16T20:48:51","guid":{"rendered":"https:\/\/factuappcr.com\/site\/factuapp-boutique-2\/"},"modified":"2023-06-26T10:51:04","modified_gmt":"2023-06-26T16:51:04","slug":"ventajas","status":"publish","type":"page","link":"https:\/\/factuappcr.com\/site\/ventajas\/","title":{"rendered":"Ventajas"},"content":{"rendered":"[vc_row][vc_column][vc_custom_heading text=&#8221;Ventajas de Factuapp&#8221; font_container=&#8221;tag:h1|text_align:left&#8221; use_theme_fonts=&#8221;yes&#8221;][vc_empty_space][\/vc_column][\/vc_row][vc_row][vc_column width=&#8221;1\/2&#8243;][vc_column_text]\n<h6 style=\"text-align: justify;\">Facilidad de Uso<\/h6>\n<p style=\"text-align: justify;\"><span>Factuapp est\u00e1 dise\u00f1ado con una interfaz intuitiva y amigable, lo que facilita su uso incluso para aquellos que no tienen experiencia previa en sistemas de facturaci\u00f3n.<\/span><\/p>\n[\/vc_column_text][\/vc_column][vc_column width=&#8221;1\/2&#8243;][vc_column_text]\n<h6>Guardado en la Nube<\/h6>\n<p>Factuapp te ofrece la ventaja de contar con almacenamiento en la nube. Esto significa que toda la informaci\u00f3n relacionada con tu negocio, como facturas, cotizaciones, inventario y registros de clientes, se guarda de forma segura en la nube.<\/p>\n[\/vc_column_text][\/vc_column][\/vc_row][vc_row][vc_column width=&#8221;1\/2&#8243;][vc_column_text]\n<h6><strong>Precisi\u00f3n en el Momento de la Facturaci\u00f3n<\/strong><\/h6>\n<p>Factuapp realiza c\u00e1lculos precisos y autom\u00e1ticos, evitando errores humanos en el proceso de facturaci\u00f3n. Esto ayuda a mantener registros exactos y reduce la posibilidad de errores en los montos o impuestos aplicados en las facturas.[\/vc_column_text][\/vc_column][vc_column width=&#8221;1\/2&#8243;][vc_column_text]\n<style>\n    h6, p {<br \/>\n        text-align: justify;<br \/>\n    }<br \/>\n<\/style>\n<h6>Organizaci\u00f3n y Gesti\u00f3n Eficiente<\/h6>\n<p>Factuapp te permite mantener un registro ordenado de tus clientes, productos, facturas y dem\u00e1s informaci\u00f3n relevante para tu negocio. Esto facilita la gesti\u00f3n y b\u00fasqueda de datos cuando los necesites, as\u00ed como la generaci\u00f3n de informes y an\u00e1lisis para tomar decisiones empresariales m\u00e1s informadas.<\/p>\n<p>\u00e1s informadas.<\/p>\n[\/vc_column_text][\/vc_column][\/vc_row][vc_row][vc_column][vc_empty_space][vc_cta h2=&#8221;Empieza hoy mismo a elegir el plan que se adapta a tus necesidades&#8221; add_button=&#8221;bottom&#8221; btn_title=&#8221;Empezar Ahora&#8221; btn_style=&#8221;flat&#8221; btn_color=&#8221;info&#8221; btn_align=&#8221;right&#8221; btn_link=&#8221;url:https%3A%2F%2Ffactuappcr.com%2Fsite%2Fproducto%2Fservicios-profesionales%2F|title:Planes||&#8221;][\/vc_cta][\/vc_column][\/vc_row]\n","protected":false},"excerpt":{"rendered":"<p>[vc_row][vc_column][vc_custom_heading text=&#8221;Ventajas de Factuapp&#8221; font_container=&#8221;tag:h1|text_align:left&#8221; use_theme_fonts=&#8221;yes&#8221;][vc_empty_space][\/vc_column][\/vc_row][vc_row][vc_column width=&#8221;1\/2&#8243;][vc_column_text] Facilidad de Uso Factuapp est\u00e1 dise\u00f1ado con una interfaz intuitiva y amigable, lo que facilita su uso incluso para aquellos que no tienen experiencia previa en sistemas de facturaci\u00f3n. [\/vc_column_text][\/vc_column][vc_column width=&#8221;1\/2&#8243;][vc_column_text] Guardado en la Nube Factuapp te ofrece la ventaja de contar con almacenamiento en la nube. Esto [&hellip;]<\/p>\n","protected":false},"author":1,"featured_media":2480,"parent":0,"menu_order":0,"comment_status":"closed","ping_status":"closed","template":"","meta":[],"_links":{"self":[{"href":"https:\/\/factuappcr.com\/site\/wp-json\/wp\/v2\/pages\/2672"}],"collection":[{"href":"https:\/\/factuappcr.com\/site\/wp-json\/wp\/v2\/pages"}],"about":[{"href":"https:\/\/factuappcr.com\/site\/wp-json\/wp\/v2\/types\/page"}],"author":[{"embeddable":true,"href":"https:\/\/factuappcr.com\/site\/wp-json\/wp\/v2\/users\/1"}],"replies":[{"embeddable":true,"href":"https:\/\/factuappcr.com\/site\/wp-json\/wp\/v2\/comments?post=2672"}],"version-history":[{"count":5,"href":"https:\/\/factuappcr.com\/site\/wp-json\/wp\/v2\/pages\/2672\/revisions"}],"predecessor-version":[{"id":2717,"href":"https:\/\/factuappcr.com\/site\/wp-json\/wp\/v2\/pages\/2672\/revisions\/2717"}],"wp:featuredmedia":[{"embeddable":true,"href":"https:\/\/factuappcr.com\/site\/wp-json\/wp\/v2\/media\/2480"}],"wp:attachment":[{"href":"https:\/\/factuappcr.com\/site\/wp-json\/wp\/v2\/media?parent=2672"}],"curies":[{"name":"wp","href":"https:\/\/api.w.org\/{rel}","templated":true}]}}