{"id":2675,"date":"2018-11-16T14:48:51","date_gmt":"2018-11-16T20:48:51","guid":{"rendered":"https:\/\/factuappcr.com\/site\/factuapp-boutique-2\/"},"modified":"2023-06-26T10:44:23","modified_gmt":"2023-06-26T16:44:23","slug":"app-de-ruteo","status":"publish","type":"page","link":"https:\/\/factuappcr.com\/site\/app-de-ruteo\/","title":{"rendered":"App de Ruteo"},"content":{"rendered":"[vc_row][vc_column width=&#8221;2\/3&#8243;][wgl_double_headings align=&#8221;center&#8221; title_color=&#8221;#252525&#8243; subtitle_color=&#8221;#ff7d00&#8243; title=&#8221;Aplicaci\u00f3n M\u00f3vil Factuapp&#8221;][vc_column_text]&nbsp;<\/p>\n<ul>\n<li>App M\u00f3vil ir a <a href=\"https:\/\/play.google.com\/store\/apps\/details?id=com.appsoftcr.factuappv2\" follow=\"\" target=\"_blank\" rel=\"noopener\">PlayStore<\/a><\/li>\n<\/ul>\n<p>Nuestra aplicaci\u00f3n est\u00e1 especialmente dise\u00f1ada para agentes de ventas. Con nuestro completo m\u00f3dulo, podr\u00e1s gestionar de manera eficiente tus rutas, categor\u00edas de productos, inventario, preventa, productos y clientes. Lo mejor de todo es que desde nuestra aplicaci\u00f3n, tendr\u00e1s la flexibilidad de crear dos tipos de facturas: la factura electr\u00f3nica, ideal para aquellos clientes que requieren este tipo de comprobante, y la factura simple, perfecta para aquellos casos en los que no se necesita una factura electr\u00f3nica. Adem\u00e1s, para brindarte a\u00fan m\u00e1s comodidad, nuestro sistema se integra sin problemas con impresoras Bluetooth, lo que te permite imprimir f\u00e1cilmente un comprobante. \u00a1Descarga nuestra App y simplifica tu trabajo de ventas como nunca antes!<\/p>\n<p>Adem\u00e1s, no podemos dejar de mencionar nuestro pr\u00e1ctico administrador web. A trav\u00e9s de esta plataforma, tendr\u00e1s acceso a informaci\u00f3n detallada sobre tus ventas, clientes y productos. Pero eso no es todo, lo m\u00e1s destacado es nuestro m\u00f3dulo de sincronizaci\u00f3n, el cual te brinda la tranquilidad de contar con respaldo y seguridad para tus facturas electr\u00f3nicas y simples. Con esta funcionalidad, todas tus transacciones se sincronizar\u00e1n autom\u00e1ticamente, garantizando la integridad y confidencialidad de tu informaci\u00f3n. En Factuapp, nos preocupamos por ofrecerte un servicio completo y confiable, respaldando tu negocio en cada paso.[\/vc_column_text][vc_empty_space][\/vc_column][vc_column width=&#8221;1\/3&#8243;][vc_single_image image=&#8221;2677&#8243; img_size=&#8221;full&#8221;][\/vc_column][\/vc_row][vc_row][vc_column][vc_empty_space][vc_cta h2=&#8221;Empieza hoy mismo a elegir el plan que se adapta a tus necesidades&#8221; add_button=&#8221;bottom&#8221; btn_title=&#8221;Empezar Ahora&#8221; btn_style=&#8221;flat&#8221; btn_color=&#8221;info&#8221; btn_align=&#8221;right&#8221; btn_link=&#8221;url:https%3A%2F%2Ffactuappcr.com%2Fsite%2Fproducto%2Fservicios-profesionales%2F|title:Planes||&#8221;][\/vc_cta][\/vc_column][\/vc_row]\n","protected":false},"excerpt":{"rendered":"<p>[vc_row][vc_column width=&#8221;2\/3&#8243;][wgl_double_headings align=&#8221;center&#8221; title_color=&#8221;#252525&#8243; subtitle_color=&#8221;#ff7d00&#8243; title=&#8221;Aplicaci\u00f3n M\u00f3vil Factuapp&#8221;][vc_column_text]&nbsp; App M\u00f3vil ir a PlayStore Nuestra aplicaci\u00f3n est\u00e1 especialmente dise\u00f1ada para agentes de ventas. Con nuestro completo m\u00f3dulo, podr\u00e1s gestionar de manera eficiente tus rutas, categor\u00edas de productos, inventario, preventa, productos y clientes. Lo mejor de todo es que desde nuestra aplicaci\u00f3n, tendr\u00e1s la flexibilidad de crear [&hellip;]<\/p>\n","protected":false},"author":1,"featured_media":2480,"parent":0,"menu_order":0,"comment_status":"closed","ping_status":"closed","template":"","meta":[],"_links":{"self":[{"href":"https:\/\/factuappcr.com\/site\/wp-json\/wp\/v2\/pages\/2675"}],"collection":[{"href":"https:\/\/factuappcr.com\/site\/wp-json\/wp\/v2\/pages"}],"about":[{"href":"https:\/\/factuappcr.com\/site\/wp-json\/wp\/v2\/types\/page"}],"author":[{"embeddable":true,"href":"https:\/\/factuappcr.com\/site\/wp-json\/wp\/v2\/users\/1"}],"replies":[{"embeddable":true,"href":"https:\/\/factuappcr.com\/site\/wp-json\/wp\/v2\/comments?post=2675"}],"version-history":[{"count":3,"href":"https:\/\/factuappcr.com\/site\/wp-json\/wp\/v2\/pages\/2675\/revisions"}],"predecessor-version":[{"id":2716,"href":"https:\/\/factuappcr.com\/site\/wp-json\/wp\/v2\/pages\/2675\/revisions\/2716"}],"wp:featuredmedia":[{"embeddable":true,"href":"https:\/\/factuappcr.com\/site\/wp-json\/wp\/v2\/media\/2480"}],"wp:attachment":[{"href":"https:\/\/factuappcr.com\/site\/wp-json\/wp\/v2\/media?parent=2675"}],"curies":[{"name":"wp","href":"https:\/\/api.w.org\/{rel}","templated":true}]}}